{"id":23,"date":"2020-07-29T18:24:03","date_gmt":"2020-07-29T18:24:03","guid":{"rendered":"https:\/\/fiori.niraikanai.xyz\/?page_id=23"},"modified":"2025-04-11T15:44:57","modified_gmt":"2025-04-11T20:44:57","slug":"clientes-corporativos","status":"publish","type":"page","link":"https:\/\/fiorieventos.com\/index.php\/clientes-corporativos\/","title":{"rendered":"CLIENTES CORPORATIVOS"},"content":{"rendered":"<h1>Clientes Corporativos que Conf\u00edan en Nuestro Servicio<\/h1>\n<div>Diversas empresas conf\u00edan en nuestro servicio por la calidad, el dise\u00f1o personalizado y la puntualidad. Creamos arreglos florales corporativos para oficinas, eventos y regalos empresariales, fortaleciendo v\u00ednculos con elegancia y significado. Somos un aliado floral confiable, comprometido con la excelencia y el valor en cada detalle.<\/div>\n<div>\n\n\n<div id=\"wk-grid17c\" class=\"wk-grid-width-1-4 wk-grid-width-small-1-6 wk-grid wk-grid-match wk-grid-large \" data-wk-grid-match=\"{target:'> div > .wk-panel', row:true}\" data-wk-grid-margin >\n\n    \n    <div>\n    \n<div class=\"wk-panel\">\n\n    <div class=\"wk-panel-teaser\">\n\n        <figure class=\"wk-overlay wk-overlay-hover \">\n\n            <img decoding=\"async\" src=\"\/wp-content\/plugins\/widgetkit\/cache\/FI_logo_nuevo-1-15-74d70bac56b97ec6af4000beaa2d4263.png\" alt=\"Andes Petroleoum\" height=\"100\">\n            \n            \n            \n            \n        <\/figure>\n\n    <\/div>\n\n    \n        \n        \n    \n<\/div>\n    <\/div>\n\n        \n    <div>\n    \n<div class=\"wk-panel\">\n\n    <div class=\"wk-panel-teaser\">\n\n        <figure class=\"wk-overlay wk-overlay-hover \">\n\n            <img decoding=\"async\" src=\"\/wp-content\/plugins\/widgetkit\/cache\/FI_logo_nuevo-1-02-7f4fb2ef1e88c2b1cfeb5b1f9b8efffe.png\" alt=\"Utim\" height=\"100\">\n            \n            \n            \n            \n        <\/figure>\n\n    <\/div>\n\n    \n        \n        \n    \n<\/div>\n    <\/div>\n\n        \n    <div>\n    \n<div class=\"wk-panel\">\n\n    <div class=\"wk-panel-teaser\">\n\n        <figure class=\"wk-overlay wk-overlay-hover \">\n\n            <img decoding=\"async\" src=\"\/wp-content\/plugins\/widgetkit\/cache\/FI_logo_nuevo-1-12-e35fb49469c40bb188f0122586309e4c.png\" alt=\"Repsol\" height=\"100\">\n            \n            \n            \n            \n        <\/figure>\n\n    <\/div>\n\n    \n        \n        \n    \n<\/div>\n    <\/div>\n\n        \n    <div>\n    \n<div class=\"wk-panel\">\n\n    <div class=\"wk-panel-teaser\">\n\n        <figure class=\"wk-overlay wk-overlay-hover \">\n\n            <img decoding=\"async\" src=\"\/wp-content\/plugins\/widgetkit\/cache\/FI_logo_nuevo-1-03-810ab628d6fd65a824672257e4e24855.png\" alt=\"Memorial\" height=\"100\">\n            \n            \n            \n            \n        <\/figure>\n\n    <\/div>\n\n    \n        \n        \n    \n<\/div>\n    <\/div>\n\n        \n    <div>\n    \n<div class=\"wk-panel\">\n\n    <div class=\"wk-panel-teaser\">\n\n        <figure class=\"wk-overlay wk-overlay-hover \">\n\n            <img decoding=\"async\" src=\"\/wp-content\/plugins\/widgetkit\/cache\/FI_logo_nuevo-1-11-05e04725c7a568ea92fb4050806b056f.png\" alt=\"Energy Plam\" height=\"100\">\n            \n            \n            \n            \n        <\/figure>\n\n    <\/div>\n\n    \n        \n        \n    \n<\/div>\n    <\/div>\n\n        \n    <div>\n    \n<div class=\"wk-panel\">\n\n    <div class=\"wk-panel-teaser\">\n\n        <figure class=\"wk-overlay wk-overlay-hover \">\n\n            <img decoding=\"async\" src=\"\/wp-content\/plugins\/widgetkit\/cache\/FI_logo_nuevo-1-13-7a9cb5693be448f20c1d0bb094b9587d.png\" alt=\"Hospital de Cl\u00ednicas Pichincha\" height=\"100\">\n            \n            \n            \n            \n        <\/figure>\n\n    <\/div>\n\n    \n        \n        \n    \n<\/div>\n    <\/div>\n\n        \n    <div>\n    \n<div class=\"wk-panel\">\n\n    <div class=\"wk-panel-teaser\">\n\n        <figure class=\"wk-overlay wk-overlay-hover \">\n\n            <img decoding=\"async\" src=\"\/wp-content\/plugins\/widgetkit\/cache\/FI_logo_nuevo-1-09-40de87d9ba58cfbda26a23fc02e7a2c4.png\" alt=\"Sonesta\" height=\"100\">\n            \n            \n            \n            \n        <\/figure>\n\n    <\/div>\n\n    \n        \n        \n    \n<\/div>\n    <\/div>\n\n        \n    <div>\n    \n<div class=\"wk-panel\">\n\n    <div class=\"wk-panel-teaser\">\n\n        <figure class=\"wk-overlay wk-overlay-hover \">\n\n            <img decoding=\"async\" src=\"\/wp-content\/plugins\/widgetkit\/cache\/FI_logo_nuevo-1-08-1db5815096201a3820bdedf18f156cb2.png\" alt=\"Howard &amp; Johnson\" height=\"100\">\n            \n            \n            \n            \n        <\/figure>\n\n    <\/div>\n\n    \n        \n        \n    \n<\/div>\n    <\/div>\n\n        \n    <div>\n    \n<div class=\"wk-panel\">\n\n    <div class=\"wk-panel-teaser\">\n\n        <figure class=\"wk-overlay wk-overlay-hover \">\n\n            <img decoding=\"async\" src=\"\/wp-content\/plugins\/widgetkit\/cache\/FI_logo_nuevo-1-16-6878697f567c408e5678f1fa22f457fa.png\" alt=\"Mi Boda M\u00e1gica\" height=\"100\">\n            \n            \n            \n            \n        <\/figure>\n\n    <\/div>\n\n    \n        \n        \n    \n<\/div>\n    <\/div>\n\n        \n    <div>\n    \n<div class=\"wk-panel\">\n\n    <div class=\"wk-panel-teaser\">\n\n        <figure class=\"wk-overlay wk-overlay-hover \">\n\n            <img decoding=\"async\" src=\"\/wp-content\/plugins\/widgetkit\/cache\/FI_logo_nuevo-1-01-bc93f84fd404d385c929fb98c2836dde.png\" alt=\"Claudia Capelo\" height=\"100\">\n            \n            \n            \n            \n        <\/figure>\n\n    <\/div>\n\n    \n        \n        \n    \n<\/div>\n    <\/div>\n\n        \n    <div>\n    \n<div class=\"wk-panel\">\n\n    <div class=\"wk-panel-teaser\">\n\n        <figure class=\"wk-overlay wk-overlay-hover \">\n\n            <img decoding=\"async\" src=\"\/wp-content\/plugins\/widgetkit\/cache\/FI_logo_nuevo-1-14-60385b0c3725475d3696fb24e82d3fbd.png\" alt=\"Quinta Santa F\u00e9\" height=\"100\">\n            \n            \n            \n            \n        <\/figure>\n\n    <\/div>\n\n    \n        \n        \n    \n<\/div>\n    <\/div>\n\n        \n    <div>\n    \n<div class=\"wk-panel\">\n\n    <div class=\"wk-panel-teaser\">\n\n        <figure class=\"wk-overlay wk-overlay-hover \">\n\n            <img decoding=\"async\" src=\"\/wp-content\/plugins\/widgetkit\/cache\/FI_logo_nuevo-1-10-bb5d5b07b0eba3150aa11223c30a83c4.png\" alt=\"Esteban Escudero\" height=\"100\">\n            \n            \n            \n            \n        <\/figure>\n\n    <\/div>\n\n    \n        \n        \n    \n<\/div>\n    <\/div>\n\n        \n    <div>\n    \n<div class=\"wk-panel\">\n\n    <div class=\"wk-panel-teaser\">\n\n        <figure class=\"wk-overlay wk-overlay-hover \">\n\n            <img decoding=\"async\" src=\"\/wp-content\/plugins\/widgetkit\/cache\/FI_logo_nuevo-1-07-4cca6c8c941d68b1c7e7fec67ed14ce1.png\" alt=\"Hilton Col\u00f3n Quito\" height=\"100\">\n            \n            \n            \n            \n        <\/figure>\n\n    <\/div>\n\n    \n        \n        \n    \n<\/div>\n    <\/div>\n\n        \n    <div>\n    \n<div class=\"wk-panel\">\n\n    <div class=\"wk-panel-teaser\">\n\n        <figure class=\"wk-overlay wk-overlay-hover \">\n\n            <img decoding=\"async\" src=\"\/wp-content\/plugins\/widgetkit\/cache\/FI_logo_nuevo-1-04-90b8a995688e4b0705ce1f89303458a2.png\" alt=\"Movistar\" height=\"100\">\n            \n            \n            \n            \n        <\/figure>\n\n    <\/div>\n\n    \n        \n        \n    \n<\/div>\n    <\/div>\n\n        \n    <div>\n    \n<div class=\"wk-panel\">\n\n    <div class=\"wk-panel-teaser\">\n\n        <figure class=\"wk-overlay wk-overlay-hover \">\n\n            <img decoding=\"async\" src=\"\/wp-content\/plugins\/widgetkit\/cache\/FI_logo_nuevo-1-06-a0e120cdada2839ba0395724ef108cf5.png\" alt=\"Buena Vista\" height=\"100\">\n            \n            \n            \n            \n        <\/figure>\n\n    <\/div>\n\n    \n        \n        \n    \n<\/div>\n    <\/div>\n\n        \n    <div>\n    \n<div class=\"wk-panel\">\n\n    <div class=\"wk-panel-teaser\">\n\n        <figure class=\"wk-overlay wk-overlay-hover \">\n\n            <img decoding=\"async\" src=\"\/wp-content\/plugins\/widgetkit\/cache\/FI_logo_nuevo-1-05-2551c90f29687771a941c188c9c6a9ca.png\" alt=\"Ang\u00e9lica Darquea\" height=\"100\">\n            \n            \n            \n            \n        <\/figure>\n\n    <\/div>\n\n    \n        \n        \n    \n<\/div>\n    <\/div>\n\n    \n<\/div>\n\n\n<script>\n(function($){\n\n    \/\/ get the images of the gallery and replace it by a canvas of the same size to fix the problem with overlapping images on load.\n    $('img[width][height]:not(.wk-overlay-panel)', $('#wk-grid17c')).each(function() {\n\n        var $img = $(this);\n\n        if (this.width == 'auto' || this.height == 'auto' || !$img.is(':visible')) {\n            return;\n        }\n\n        var $canvas = $('<canvas class=\"wk-responsive-width\"><\/canvas>').attr({width:$img.attr('width'), height:$img.attr('height')}),\n            img = new Image,\n            release = function() {\n                $canvas.remove();\n                $img.css('display', '');\n                release = function(){};\n            };\n\n        $img.css('display', 'none').after($canvas);\n\n        $(img).on('load', function(){ release(); });\n        setTimeout(function(){ release(); }, 1000);\n\n        img.src = this.src;\n\n    });\n\n})(jQuery);\n<\/script>\n<\/div>\n<p><!--more--><br \/>\n<!-- {\"type\":\"layout\",\"children\":[{\"type\":\"section\",\"props\":{\"image_position\":\"center-center\",\"padding_remove_bottom\":true,\"padding_remove_top\":false,\"style\":\"default\",\"title_breakpoint\":\"xl\",\"title_position\":\"top-left\",\"title_rotation\":\"left\",\"vertical_align\":\"\",\"width\":\"small\"},\"children\":[{\"type\":\"row\",\"children\":[{\"type\":\"column\",\"props\":{\"image_position\":\"center-center\",\"position_sticky_breakpoint\":\"m\"},\"children\":[{\"type\":\"headline\",\"props\":{\"content\":\"Clientes Corporativos que Conf\\u00edan en Nuestro Servicio\",\"margin\":\"default\",\"margin_remove_bottom\":true,\"margin_remove_top\":true,\"text_align\":\"center\",\"title_element\":\"h1\",\"title_font_family\":\"primary\",\"title_style\":\"h1\"}}]}],\"props\":{\"margin\":\"remove-vertical\",\"margin_remove_top\":true}}]},{\"type\":\"section\",\"props\":{\"image_position\":\"center-center\",\"padding\":\"xsmall\",\"padding_remove_bottom\":true,\"padding_remove_top\":false,\"style\":\"default\",\"title_breakpoint\":\"xl\",\"title_position\":\"top-left\",\"title_rotation\":\"left\",\"vertical_align\":\"middle\",\"width\":\"small\"},\"children\":[{\"type\":\"row\",\"children\":[{\"type\":\"column\",\"props\":{\"image_position\":\"center-center\",\"position_sticky_breakpoint\":\"m\"},\"children\":[{\"type\":\"text\",\"props\":{\"column_breakpoint\":\"m\",\"content\":\"Diversas empresas conf\\u00edan en nuestro servicio por la calidad, el dise\\u00f1o personalizado y la puntualidad. Creamos arreglos florales corporativos para oficinas, eventos y regalos empresariales, fortaleciendo v\\u00ednculos con elegancia y significado. Somos un aliado floral confiable, comprometido con la excelencia y el valor en cada detalle.\",\"margin\":\"medium\",\"margin_remove_bottom\":true,\"margin_remove_top\":false,\"text_align\":\"center\"}}]}]}]},{\"type\":\"section\",\"props\":{\"image_position\":\"center-center\",\"style\":\"default\",\"title_breakpoint\":\"xl\",\"title_position\":\"top-left\",\"title_rotation\":\"left\",\"vertical_align\":\"\",\"width\":\"default\"},\"children\":[{\"type\":\"row\",\"children\":[{\"type\":\"column\",\"props\":{\"image_position\":\"center-center\",\"position_sticky_breakpoint\":\"m\"},\"children\":[{\"type\":\"html\",\"props\":{\"content\":\"[widgetkit id=\\\"2\\\"]\"}}]}]}]}],\"version\":\"4.5.9\"} --><\/p>\n","protected":false},"excerpt":{"rendered":"<p>Clientes Corporativos que Conf\u00edan en Nuestro Servicio Diversas empresas conf\u00edan en nuestro servicio por la calidad, el dise\u00f1o personalizado y la puntualidad. Creamos arreglos florales corporativos para oficinas, eventos y regalos empresariales, fortaleciendo v\u00ednculos con elegancia y significado. Somos un aliado floral confiable, comprometido con la excelencia y el valor en cada detalle.<\/p>\n","protected":false},"author":1,"featured_media":0,"parent":0,"menu_order":0,"comment_status":"closed","ping_status":"closed","template":"","meta":{"footnotes":""},"class_list":["post-23","page","type-page","status-publish","hentry"],"_links":{"self":[{"href":"https:\/\/fiorieventos.com\/index.php\/wp-json\/wp\/v2\/pages\/23","targetHints":{"allow":["GET"]}}],"collection":[{"href":"https:\/\/fiorieventos.com\/index.php\/wp-json\/wp\/v2\/pages"}],"about":[{"href":"https:\/\/fiorieventos.com\/index.php\/wp-json\/wp\/v2\/types\/page"}],"author":[{"embeddable":true,"href":"https:\/\/fiorieventos.com\/index.php\/wp-json\/wp\/v2\/users\/1"}],"replies":[{"embeddable":true,"href":"https:\/\/fiorieventos.com\/index.php\/wp-json\/wp\/v2\/comments?post=23"}],"version-history":[{"count":29,"href":"https:\/\/fiorieventos.com\/index.php\/wp-json\/wp\/v2\/pages\/23\/revisions"}],"predecessor-version":[{"id":1511,"href":"https:\/\/fiorieventos.com\/index.php\/wp-json\/wp\/v2\/pages\/23\/revisions\/1511"}],"wp:attachment":[{"href":"https:\/\/fiorieventos.com\/index.php\/wp-json\/wp\/v2\/media?parent=23"}],"curies":[{"name":"wp","href":"https:\/\/api.w.org\/{rel}","templated":true}]}}