{"id":29,"date":"2020-07-29T18:26:53","date_gmt":"2020-07-29T18:26:53","guid":{"rendered":"https:\/\/fiori.niraikanai.xyz\/?page_id=29"},"modified":"2024-03-08T12:02:57","modified_gmt":"2024-03-08T17:02:57","slug":"contactanos","status":"publish","type":"page","link":"https:\/\/fiorieventos.com\/index.php\/contactanos\/","title":{"rendered":"CONT\u00c1CTANOS"},"content":{"rendered":"<h1>CONT\u00c1CTANOS<\/h1>\n<div>\n\n<div class=\"wpcf7 no-js\" id=\"wpcf7-f119-o1\" lang=\"es-ES\" dir=\"ltr\" data-wpcf7-id=\"119\">\n<div class=\"screen-reader-response\"><p role=\"status\" aria-live=\"polite\" aria-atomic=\"true\"><\/p> <ul><\/ul><\/div>\n<form action=\"\/index.php\/wp-json\/wp\/v2\/pages\/29#wpcf7-f119-o1\" method=\"post\" class=\"wpcf7-form init\" aria-label=\"Formulario de contacto\" novalidate=\"novalidate\" data-status=\"init\">\n<fieldset class=\"hidden-fields-container\"><input type=\"hidden\" name=\"_wpcf7\" value=\"119\" \/><input type=\"hidden\" name=\"_wpcf7_version\" value=\"6.1.1\" \/><input type=\"hidden\" name=\"_wpcf7_locale\" value=\"es_ES\" \/><input type=\"hidden\" name=\"_wpcf7_unit_tag\" value=\"wpcf7-f119-o1\" \/><input type=\"hidden\" name=\"_wpcf7_container_post\" value=\"0\" \/><input type=\"hidden\" name=\"_wpcf7_posted_data_hash\" value=\"\" \/>\n<\/fieldset>\n<div class=\"uk-margin-small uk-child-width-1-2\" uk-grid>\n\t<div>\n\t\t<p><label>Nombre*<\/label><span class=\"wpcf7-form-control-wrap\" data-name=\"your-name\"><input size=\"40\" maxlength=\"400\" class=\"wpcf7-form-control wpcf7-text wpcf7-validates-as-required uk-input\" aria-required=\"true\" aria-invalid=\"false\" value=\"\" type=\"text\" name=\"your-name\" \/><\/span>\n\t\t<\/p>\n\t<\/div>\n\t<div>\n\t\t<p><label>Apellido*<\/label><span class=\"wpcf7-form-control-wrap\" data-name=\"your-surname\"><input size=\"40\" maxlength=\"400\" class=\"wpcf7-form-control wpcf7-text wpcf7-validates-as-required uk-input\" aria-required=\"true\" aria-invalid=\"false\" value=\"\" type=\"text\" name=\"your-surname\" \/><\/span>\n\t\t<\/p>\n\t<\/div>\n<\/div>\n<div class=\"uk-margin-small uk-child-width-1-1\">\n\t<p><label>Correo Electr\u00f3nico*<\/label><span class=\"wpcf7-form-control-wrap\" data-name=\"your-email\"><input size=\"40\" maxlength=\"400\" class=\"wpcf7-form-control wpcf7-email wpcf7-validates-as-required wpcf7-text wpcf7-validates-as-email uk-input\" aria-required=\"true\" aria-invalid=\"false\" placeholder=\"\" value=\"\" type=\"email\" name=\"your-email\" \/><\/span>\n\t<\/p>\n<\/div>\n<div class=\"uk-margin-small uk-child-width-1-1\">\n\t<p><label>Tel\u00e9fono*<\/label><span class=\"wpcf7-form-control-wrap\" data-name=\"phone\"><input size=\"40\" maxlength=\"400\" class=\"wpcf7-form-control wpcf7-tel wpcf7-text wpcf7-validates-as-tel uk-input\" aria-invalid=\"false\" placeholder=\"\" value=\"\" type=\"tel\" name=\"phone\" \/><\/span>\n\t<\/p>\n<\/div>\n<div class=\"uk-margin-remove uk-width-1-1\">\n\t<p><label>Cotizar (evento o flores a domicilio)<\/label><span class=\"wpcf7-form-control-wrap\" data-name=\"selector-cliente\"><select class=\"wpcf7-form-control wpcf7-select wpcf7-validates-as-required uk-select\" id=\"id_marca\" aria-required=\"true\" aria-invalid=\"false\" name=\"selector-cliente\"><option value=\"\">&#8212;Por favor, elige una opci\u00f3n&#8212;<\/option><option value=\"Evento\">Evento<\/option><option value=\"Flores a domicilio\">Flores a domicilio<\/option><\/select><\/span>\n\t<\/p>\n<\/div>\n<div>\n\t<p><label>Fecha<\/label><span class=\"wpcf7-form-control-wrap\" data-name=\"fecha-evento\"><input class=\"wpcf7-form-control wpcf7-date wpcf7-validates-as-required wpcf7-validates-as-date uk-input\" aria-required=\"true\" aria-invalid=\"false\" value=\"\" type=\"date\" name=\"fecha-evento\" \/><\/span>\n\t<\/p>\n<\/div>\n<div class=\"uk-margin-small uk-width-1-1\">\n\t<p><label>Detalle<\/label><span class=\"wpcf7-form-control-wrap\" data-name=\"detalle\"><textarea cols=\"40\" rows=\"10\" maxlength=\"2000\" class=\"wpcf7-form-control wpcf7-textarea uk-textarea\" aria-invalid=\"false\" name=\"detalle\"><\/textarea><\/span>\n\t<\/p>\n<\/div>\n<div>\n\t<p><input class=\"wpcf7-form-control wpcf7-submit has-spinner uk-button uk-button-default\" type=\"submit\" value=\"Enviar\" \/>\n\t<\/p>\n<\/div><p style=\"display: none !important;\" class=\"akismet-fields-container\" data-prefix=\"_wpcf7_ak_\"><label>&#916;<textarea name=\"_wpcf7_ak_hp_textarea\" cols=\"45\" rows=\"8\" maxlength=\"100\"><\/textarea><\/label><input type=\"hidden\" id=\"ak_js_1\" name=\"_wpcf7_ak_js\" value=\"0\"\/><script>document.getElementById( \"ak_js_1\" ).setAttribute( \"value\", ( new Date() ).getTime() );<\/script><\/p><div class=\"wpcf7-response-output\" aria-hidden=\"true\"><\/div>\n<\/form>\n<\/div>\n<\/div>\n<ul>\n<li>\n<p>        <img decoding=\"async\" src=\"\/wp-content\/uploads\/2020\/08\/instagram.png\" alt=\"\"><\/p>\n<p><a href=\"https:\/\/www.instagram.com\/fiori_eventos\/\">Read more<\/a><\/p>\n<\/li>\n<li>\n<p>        <img decoding=\"async\" src=\"\/wp-content\/uploads\/2020\/08\/facebook.png\" alt=\"\"><\/p>\n<p><a href=\"https:\/\/www.facebook.com\/fioriarteyeventos\">Read more<\/a><\/p>\n<\/li>\n<\/ul>\n<div>\n<p>TALLER DE DISE\u00d1O<br \/>Bruneleschi 136 y Florencia, La Primavera 1<br \/>Tel\u00e9fono: <a class=\"fiori-link\" href=\"tel:593998787878\">099 8787 878 &#8211; <\/a><a class=\"fiori-link\" href=\"tel:593984509115\">098 450 9115<\/a><a class=\"fiori-link\" href=\"tel:593998787878\"><\/a><br \/>E-mail: <a class=\"fiori-link\" href=\"mailto:ventas@fiorieventos.com\">ventas@fiorieventos.com<\/a><\/p>\n<p>Si desea mayor informaci\u00f3n de nuestros productos o tiene alguna inquietud adicional, llene el siguiente formulario o cont\u00e1ctenos a nuestra oficina<\/p>\n<\/div>\n<p><!--more--><br \/>\n<!-- {\"type\":\"layout\",\"children\":[{\"type\":\"section\",\"props\":{\"image_position\":\"center-center\",\"padding_remove_bottom\":true,\"padding_remove_top\":true,\"style\":\"default\",\"title_breakpoint\":\"xl\",\"title_position\":\"top-left\",\"title_rotation\":\"left\",\"vertical_align\":\"middle\",\"width\":\"default\"},\"children\":[{\"type\":\"row\",\"children\":[{\"type\":\"column\",\"props\":{\"image_position\":\"center-center\",\"position_sticky_breakpoint\":\"m\"},\"children\":[{\"type\":\"headline\",\"props\":{\"content\":\"CONT\\u00c1CTANOS\",\"text_align\":\"center\",\"title_element\":\"h1\"}}]}]}]},{\"type\":\"section\",\"props\":{\"image_position\":\"center-center\",\"style\":\"default\",\"title_breakpoint\":\"xl\",\"title_position\":\"top-left\",\"title_rotation\":\"left\",\"vertical_align\":\"middle\",\"width\":\"default\"},\"children\":[{\"type\":\"row\",\"children\":[{\"type\":\"column\",\"props\":{\"image_position\":\"center-center\",\"position_sticky_breakpoint\":\"m\",\"width_medium\":\"1-2\"},\"children\":[{\"type\":\"html\",\"props\":{\"content\":\"[contact-form-7 id=\\\"119\\\" title=\\\"Cont\\u00e1ctanos\\\"]\"}}]},{\"type\":\"column\",\"props\":{\"image_position\":\"center-center\",\"position_sticky_breakpoint\":\"m\",\"vertical_align\":\"bottom\",\"width_medium\":\"1-2\"},\"children\":[{\"type\":\"gallery\",\"props\":{\"block_align\":\"center\",\"filter_align\":\"left\",\"filter_all\":true,\"filter_grid_breakpoint\":\"m\",\"filter_grid_width\":\"auto\",\"filter_position\":\"top\",\"filter_style\":\"tab\",\"grid_column_gap\":\"small\",\"grid_default\":\"auto\",\"grid_medium\":\"\",\"grid_row_gap\":\"small\",\"item_animation\":true,\"link_style\":\"default\",\"link_target\":false,\"link_text\":\"Read more\",\"margin\":\"default\",\"maxwidth\":\"medium\",\"meta_align\":\"below-title\",\"meta_element\":\"div\",\"meta_style\":\"text-meta\",\"overlay_hover\":true,\"overlay_link\":true,\"overlay_mode\":\"cover\",\"overlay_position\":\"center\",\"overlay_style\":\"\",\"overlay_transition\":\"scale-up\",\"parallax_easing\":\"1\",\"show_content\":true,\"show_hover_image\":true,\"show_link\":true,\"show_meta\":true,\"show_title\":true,\"text_align\":\"center\",\"text_color\":\"light\",\"title_element\":\"h3\",\"title_hover_style\":\"reset\"},\"children\":[{\"type\":\"gallery_item\",\"props\":{\"image\":\"wp-content\\\/uploads\\\/2020\\\/08\\\/instagram.png\",\"link\":\"https:\\\/\\\/www.instagram.com\\\/fiori_eventos\\\/\"}},{\"type\":\"gallery_item\",\"props\":{\"image\":\"wp-content\\\/uploads\\\/2020\\\/08\\\/facebook.png\",\"link\":\"https:\\\/\\\/www.facebook.com\\\/fioriarteyeventos\"}}],\"name\":\"Gallery-RRSS\"},{\"type\":\"text\",\"props\":{\"block_align\":\"center\",\"column_breakpoint\":\"m\",\"content\":\"\n\n<p>TALLER DE DISE\\u00d1O<br \\\/>Bruneleschi 136 y Florencia, La Primavera 1<br \\\/>Tel\\u00e9fono: <a class=\\\"fiori-link\\\" href=\\\"tel:593998787878\\\">099 8787 878 - <\\\/a><a class=\\\"fiori-link\\\" href=\\\"tel:593984509115\\\">098 450 9115<\\\/a><a class=\\\"fiori-link\\\" href=\\\"tel:593998787878\\\"><\\\/a><br \\\/>E-mail: <a class=\\\"fiori-link\\\" href=\\\"mailto:ventas@fiorieventos.com\\\">ventas@fiorieventos.com<\\\/a><\\\/p>\\n\n\n<p>Si desea mayor informaci\\u00f3n de nuestros productos o tiene alguna inquietud adicional, llene el siguiente formulario o cont\\u00e1ctenos a nuestra oficina<\\\/p>\",\"margin\":\"default\",\"maxwidth\":\"medium\"}}]}],\"props\":{\"column_gap\":\"large\",\"layout\":\"1-2,1-2\"}}]}],\"version\":\"4.2.11\"} --><\/p>\n","protected":false},"excerpt":{"rendered":"<p>CONT\u00c1CTANOS Read more Read more TALLER DE DISE\u00d1OBruneleschi 136 y Florencia, La Primavera 1Tel\u00e9fono: 099 8787 878 &#8211; 098 450 9115E-mail: ventas@fiorieventos.com Si desea mayor informaci\u00f3n de nuestros productos o tiene alguna inquietud adicional, llene el siguiente formulario o cont\u00e1ctenos a nuestra oficina<\/p>\n","protected":false},"author":1,"featured_media":0,"parent":0,"menu_order":0,"comment_status":"closed","ping_status":"closed","template":"","meta":{"footnotes":""},"class_list":["post-29","page","type-page","status-publish","hentry"],"_links":{"self":[{"href":"https:\/\/fiorieventos.com\/index.php\/wp-json\/wp\/v2\/pages\/29","targetHints":{"allow":["GET"]}}],"collection":[{"href":"https:\/\/fiorieventos.com\/index.php\/wp-json\/wp\/v2\/pages"}],"about":[{"href":"https:\/\/fiorieventos.com\/index.php\/wp-json\/wp\/v2\/types\/page"}],"author":[{"embeddable":true,"href":"https:\/\/fiorieventos.com\/index.php\/wp-json\/wp\/v2\/users\/1"}],"replies":[{"embeddable":true,"href":"https:\/\/fiorieventos.com\/index.php\/wp-json\/wp\/v2\/comments?post=29"}],"version-history":[{"count":38,"href":"https:\/\/fiorieventos.com\/index.php\/wp-json\/wp\/v2\/pages\/29\/revisions"}],"predecessor-version":[{"id":1263,"href":"https:\/\/fiorieventos.com\/index.php\/wp-json\/wp\/v2\/pages\/29\/revisions\/1263"}],"wp:attachment":[{"href":"https:\/\/fiorieventos.com\/index.php\/wp-json\/wp\/v2\/media?parent=29"}],"curies":[{"name":"wp","href":"https:\/\/api.w.org\/{rel}","templated":true}]}}