{"id":675,"date":"2020-08-31T20:38:10","date_gmt":"2020-08-31T20:38:10","guid":{"rendered":"https:\/\/fiorieventos.com\/?page_id=675"},"modified":"2023-01-26T12:47:42","modified_gmt":"2023-01-26T17:47:42","slug":"fioribox-formulario","status":"publish","type":"page","link":"https:\/\/fiorieventos.com\/index.php\/fioribox-formulario\/","title":{"rendered":"FIORIBOX"},"content":{"rendered":"<h1>FIORIBox<\/h1>\n<ul>\n<li>\n<p>        <img decoding=\"async\" src=\"\/wp-content\/uploads\/2021\/02\/Portada_3-FIORI-BOX.png\" alt=\"\"><\/p>\n<\/li>\n<li>\n<p>        <img decoding=\"async\" src=\"\/wp-content\/uploads\/2021\/02\/Portada_5-FIORI-BOX.png\" alt=\"\"><\/p>\n<\/li>\n<li>\n<p>        <img decoding=\"async\" src=\"\/wp-content\/uploads\/2021\/02\/Portada_4-FIORI-BOX.png\" alt=\"\"><\/p>\n<\/li>\n<\/ul>\n<div>\n<p>Completa el siguiente formulario para comenzar con tu experiencia FIORIBox:<\/p>\n<\/div>\n<h1>\u00bfQui\u00e9n recibe el FIORIBox?<\/h1>\n<div>\n\n<div class=\"wpcf7 no-js\" id=\"wpcf7-f691-o1\" lang=\"es-ES\" dir=\"ltr\" data-wpcf7-id=\"691\">\n<div class=\"screen-reader-response\"><p role=\"status\" aria-live=\"polite\" aria-atomic=\"true\"><\/p> <ul><\/ul><\/div>\n<form action=\"\/index.php\/wp-json\/wp\/v2\/pages\/675#wpcf7-f691-o1\" method=\"post\" class=\"wpcf7-form init\" aria-label=\"Formulario de contacto\" novalidate=\"novalidate\" data-status=\"init\">\n<fieldset class=\"hidden-fields-container\"><input type=\"hidden\" name=\"_wpcf7\" value=\"691\" \/><input type=\"hidden\" name=\"_wpcf7_version\" value=\"6.1.1\" \/><input type=\"hidden\" name=\"_wpcf7_locale\" value=\"es_ES\" \/><input type=\"hidden\" name=\"_wpcf7_unit_tag\" value=\"wpcf7-f691-o1\" \/><input type=\"hidden\" name=\"_wpcf7_container_post\" value=\"0\" \/><input type=\"hidden\" name=\"_wpcf7_posted_data_hash\" value=\"\" \/>\n<\/fieldset>\n<div class=\"uk-margin-small uk-child-width-1-2\" uk-grid>\n\t<div>\n\t\t<p><label>Nombre*<\/label><span class=\"wpcf7-form-control-wrap\" data-name=\"your-name\"><input size=\"40\" maxlength=\"400\" class=\"wpcf7-form-control wpcf7-text wpcf7-validates-as-required uk-input\" aria-required=\"true\" aria-invalid=\"false\" value=\"\" type=\"text\" name=\"your-name\" \/><\/span>\n\t\t<\/p>\n\t<\/div>\n\t<div>\n\t\t<p><label>Apellido*<\/label><span class=\"wpcf7-form-control-wrap\" data-name=\"your-surname\"><input size=\"40\" maxlength=\"400\" class=\"wpcf7-form-control wpcf7-text wpcf7-validates-as-required uk-input\" aria-required=\"true\" aria-invalid=\"false\" value=\"\" type=\"text\" name=\"your-surname\" \/><\/span>\n\t\t<\/p>\n\t<\/div>\n<\/div>\n<div class=\"uk-margin-small uk-child-width-1-1\">\n\t<p><label>N\u00famero de celular*<\/label><span class=\"wpcf7-form-control-wrap\" data-name=\"cellphone\"><input size=\"40\" maxlength=\"400\" class=\"wpcf7-form-control wpcf7-tel wpcf7-validates-as-required wpcf7-text wpcf7-validates-as-tel uk-input\" aria-required=\"true\" aria-invalid=\"false\" placeholder=\"\" value=\"\" type=\"tel\" name=\"cellphone\" \/><\/span>\n\t<\/p>\n<\/div>\n<div class=\"uk-margin-small uk-child-width-1-1\">\n\t<p><label>Correo Electr\u00f3nico*<\/label><span class=\"wpcf7-form-control-wrap\" data-name=\"your-email\"><input size=\"40\" maxlength=\"400\" class=\"wpcf7-form-control wpcf7-email wpcf7-validates-as-required wpcf7-text wpcf7-validates-as-email uk-input\" aria-required=\"true\" aria-invalid=\"false\" placeholder=\"\" value=\"\" type=\"email\" name=\"your-email\" \/><\/span>\n\t<\/p>\n<\/div>\n<div class=\"uk-margin-small uk-width-1-1\">\n\t<p><label>Con cada env\u00edo pondremos en nuestras historias ideas de arreglos con las flores que recibir\u00e1s. D\u00e9janos tu cuenta de IG para que puedas vivir la experiencia completa.<br \/>\nUsuario de Instagram:<\/label><span class=\"wpcf7-form-control-wrap\" data-name=\"usuario-instagram\"><input size=\"40\" maxlength=\"400\" class=\"wpcf7-form-control wpcf7-text wpcf7-validates-as-required uk-input\" aria-required=\"true\" aria-invalid=\"false\" value=\"\" type=\"text\" name=\"usuario-instagram\" \/><\/span>\n\t<\/p>\n<\/div>\n<div class=\"uk-margin-small uk-width-1-1\">\n\t<p><label>Direcci\u00f3n de entrega (la entrega se realizar\u00e1 en la misma direcci\u00f3n durante toda la suscripci\u00f3n)*<\/label><span class=\"wpcf7-form-control-wrap\" data-name=\"direccion-entrega\"><input size=\"40\" maxlength=\"400\" class=\"wpcf7-form-control wpcf7-text wpcf7-validates-as-required uk-input\" aria-required=\"true\" aria-invalid=\"false\" value=\"\" type=\"text\" name=\"direccion-entrega\" \/><\/span>\n\t<\/p>\n<\/div>\n<div class=\"uk-margin-remove uk-width-1-1\">\n\t<p><label>Ciudad<\/label><span class=\"wpcf7-form-control-wrap\" data-name=\"selector-cliente\"><select class=\"wpcf7-form-control wpcf7-select wpcf7-validates-as-required uk-select\" id=\"id_marca\" aria-required=\"true\" aria-invalid=\"false\" name=\"selector-cliente\"><option value=\"\">&#8212;Por favor, elige una opci\u00f3n&#8212;<\/option><option value=\"Quito\">Quito<\/option><\/select><\/span>\n\t<\/p>\n<\/div>\n<div class=\"uk-margin-remove uk-width-1-1\">\n\t<p><label>Tipo de suscripci\u00f3n<\/label><span class=\"wpcf7-form-control-wrap\" data-name=\"selector-cliente\"><select class=\"wpcf7-form-control wpcf7-select wpcf7-validates-as-required uk-select\" aria-required=\"true\" aria-invalid=\"false\" name=\"selector-cliente\"><option value=\"\">&#8212;Por favor, elige una opci\u00f3n&#8212;<\/option><option value=\"Entrega cada dos semanas $ 56,00 USD mensuales\">Entrega cada dos semanas $ 56,00 USD mensuales<\/option><option value=\"Entrega Semanal $ 106,00 USD mensuales\">Entrega Semanal $ 106,00 USD mensuales<\/option><\/select><\/span>\n\t<\/p>\n<\/div>\n<div class=\"uk-margin-small uk-child-width-1-1\">\n\t<p><label><b>Si tu suscripci\u00f3n es m\u00ednimo de tres meses tendr\u00e1s un FIORIBox gratis para cuando t\u00fa lo solicites.<\/b><br \/>\nSi tienen alguna duda nos contactan, muchas gracias!<\/label>\n\t<\/p>\n<\/div>\n<div class=\"uk-margin-small uk-child-width-1-1\">\n\t<p><label>Datos de Facturaci\u00f3n:<\/label>\n\t<\/p>\n<\/div>\n<div class=\"uk-margin-small uk-child-width-1-2\" uk-grid>\n\t<div>\n\t\t<p><label>Nombre*<\/label><span class=\"wpcf7-form-control-wrap\" data-name=\"your-name-fact\"><input size=\"40\" maxlength=\"400\" class=\"wpcf7-form-control wpcf7-text wpcf7-validates-as-required uk-input\" aria-required=\"true\" aria-invalid=\"false\" value=\"\" type=\"text\" name=\"your-name-fact\" \/><\/span>\n\t\t<\/p>\n\t<\/div>\n\t<div>\n\t\t<p><label>Apellido*<\/label><span class=\"wpcf7-form-control-wrap\" data-name=\"your-surname-fact\"><input size=\"40\" maxlength=\"400\" class=\"wpcf7-form-control wpcf7-text wpcf7-validates-as-required uk-input\" aria-required=\"true\" aria-invalid=\"false\" value=\"\" type=\"text\" name=\"your-surname-fact\" \/><\/span>\n\t\t<\/p>\n\t<\/div>\n<\/div>\n<div class=\"uk-margin-small uk-width-1-1\">\n\t<p><label>C\u00e9dula o RUC*<\/label><span class=\"wpcf7-form-control-wrap\" data-name=\"cedula-ruc\"><input size=\"40\" maxlength=\"400\" class=\"wpcf7-form-control wpcf7-text wpcf7-validates-as-required uk-input\" aria-required=\"true\" aria-invalid=\"false\" value=\"\" type=\"text\" name=\"cedula-ruc\" \/><\/span>\n\t<\/p>\n<\/div>\n<div class=\"uk-margin-small uk-child-width-1-1\">\n\t<p><label>Tel\u00e9fono*<\/label><span class=\"wpcf7-form-control-wrap\" data-name=\"phone-fact\"><input size=\"40\" maxlength=\"400\" class=\"wpcf7-form-control wpcf7-tel wpcf7-validates-as-required wpcf7-text wpcf7-validates-as-tel uk-input\" aria-required=\"true\" aria-invalid=\"false\" placeholder=\"\" value=\"\" type=\"tel\" name=\"phone-fact\" \/><\/span>\n\t<\/p>\n<\/div>\n<div class=\"uk-margin-small uk-child-width-1-1\">\n\t<p><label>Correo Electr\u00f3nico*<\/label><span class=\"wpcf7-form-control-wrap\" data-name=\"your-email-fact\"><input size=\"40\" maxlength=\"400\" class=\"wpcf7-form-control wpcf7-email wpcf7-validates-as-required wpcf7-text wpcf7-validates-as-email uk-input\" aria-required=\"true\" aria-invalid=\"false\" placeholder=\"\" value=\"\" type=\"email\" name=\"your-email-fact\" \/><\/span>\n\t<\/p>\n<\/div>\n<div class=\"uk-margin-small uk-width-1-1\">\n\t<p><label>Direcci\u00f3n*<\/label><span class=\"wpcf7-form-control-wrap\" data-name=\"direccion-fact\"><input size=\"40\" maxlength=\"400\" class=\"wpcf7-form-control wpcf7-text wpcf7-validates-as-required uk-input\" aria-required=\"true\" aria-invalid=\"false\" value=\"\" type=\"text\" name=\"direccion-fact\" \/><\/span>\n\t<\/p>\n<\/div>\n<div>\n\t<p><input class=\"wpcf7-form-control wpcf7-submit has-spinner uk-button uk-button-default\" type=\"submit\" value=\"Enviar\" \/>\n\t<\/p>\n<\/div><p style=\"display: none !important;\" class=\"akismet-fields-container\" data-prefix=\"_wpcf7_ak_\"><label>&#916;<textarea name=\"_wpcf7_ak_hp_textarea\" cols=\"45\" rows=\"8\" maxlength=\"100\"><\/textarea><\/label><input type=\"hidden\" id=\"ak_js_1\" name=\"_wpcf7_ak_js\" value=\"223\"\/><script>document.getElementById( \"ak_js_1\" ).setAttribute( \"value\", ( new Date() ).getTime() );<\/script><\/p><div class=\"wpcf7-response-output\" aria-hidden=\"true\"><\/div>\n<\/form>\n<\/div>\n<\/div>\n<h1>\u00bfQu\u00e9 es FIORIBox?<\/h1>\n<div>\n<p>Es una caja que llega a tu casa para alegrarte el d\u00eda, sacar tu lado creativo, y conectarte con la naturaleza sin contaminar. Es un producto creado para promover el amor y conciencia hacia los nuestros y el medio ambiente.<\/p>\n<\/div>\n<h1>\u00bfQu\u00e9 incluye?<\/h1>\n<div>\n<p>Hermosas \ufb02ores frescas, follaje y plantas locales listas para que las coloques en tus bases, decores tu casa y puri\ufb01ques el aire.<\/p>\n<p>Nuestra FIORIBox viene con una gu\u00eda de cuidados para extender la vida de tus arreglos, sin qu\u00edmicos ni fertilizantes.<\/p>\n<\/div>\n<h1>\u00bfC\u00f3mo funciona?<\/h1>\n<div>\n<p>Recibes tu FIORIBox por medio de una suscripci\u00f3n mensual, cada semana con diferentes variedades de flores y follaje. Este producto no se vende fuera de la suscripci\u00f3n.<\/p>\n<\/div>\n<h1>\u00bfCu\u00e1nto cuesta?<\/h1>\n<div>\n<ul>\n<li>Entrega cada dos semanas: $56.00 USD mensuales<\/li>\n<li>Entrega semanal: $106.00 USD mensuales<\/li>\n<\/ul>\n<p>\u00a1FIORI es una empresa con pr\u00e1cticas sustentables!<\/p>\n<p>FIORIBox fue fabricada con el 60% de material reciclado, por eso te pedimos que guardes tu caja para que la retiremos cuando recibas tu siguiente orden y juntos reducir el impacto ambiental.<\/p>\n<p>\u00a1REUSA! \u00a1RECICLA!<\/p>\n<p>Precios incluyen servicio de entrega. Si la entrega es a una distancia mayor a 15 km, se cotiza por separado.<\/p>\n<\/div>\n<p><!--more--><br \/>\n<!-- {\"type\":\"layout\",\"children\":[{\"type\":\"section\",\"props\":{\"style\":\"default\",\"width\":\"default\",\"vertical_align\":\"middle\",\"title_position\":\"top-left\",\"title_rotation\":\"left\",\"title_breakpoint\":\"xl\",\"image_position\":\"center-center\"},\"children\":[{\"type\":\"row\",\"children\":[{\"type\":\"column\",\"props\":{\"image_position\":\"center-center\",\"media_overlay_gradient\":\"\",\"position_sticky_breakpoint\":\"m\"},\"children\":[{\"type\":\"headline\",\"props\":{\"title_element\":\"h1\",\"content\":\"FIORIBox\",\"margin\":\"remove-vertical\",\"text_align\":\"center\"}}]}],\"props\":{\"margin\":\"remove-vertical\"}},{\"type\":\"row\",\"children\":[{\"type\":\"column\",\"props\":{\"image_position\":\"center-center\",\"media_overlay_gradient\":\"\",\"position_sticky_breakpoint\":\"m\"},\"children\":[{\"type\":\"gallery\",\"props\":{\"show_title\":true,\"show_meta\":true,\"show_content\":true,\"show_link\":true,\"show_hover_image\":true,\"grid_default\":\"1\",\"grid_medium\":\"3\",\"filter_style\":\"tab\",\"filter_all\":true,\"filter_position\":\"top\",\"filter_align\":\"left\",\"filter_grid_width\":\"auto\",\"filter_grid_breakpoint\":\"m\",\"overlay_mode\":\"cover\",\"overlay_hover\":true,\"overlay_style\":\"overlay-primary\",\"text_color\":\"light\",\"overlay_position\":\"center\",\"overlay_transition\":\"fade\",\"title_hover_style\":\"reset\",\"title_element\":\"h3\",\"meta_style\":\"meta\",\"meta_align\":\"below-title\",\"meta_element\":\"div\",\"link_text\":\"Read more\",\"link_style\":\"default\",\"text_align\":\"center\",\"margin\":\"default\",\"item_animation\":true},\"children\":[{\"type\":\"gallery_item\",\"props\":{\"hover_image\":\"\",\"image\":\"wp-content\\\/uploads\\\/2021\\\/02\\\/Portada_3-FIORI-BOX.png\"}},{\"type\":\"gallery_item\",\"props\":{\"image\":\"wp-content\\\/uploads\\\/2021\\\/02\\\/Portada_5-FIORI-BOX.png\"}},{\"type\":\"gallery_item\",\"props\":{\"image\":\"wp-content\\\/uploads\\\/2021\\\/02\\\/Portada_4-FIORI-BOX.png\"}}]}]}]}]},{\"type\":\"section\",\"props\":{\"style\":\"default\",\"width\":\"default\",\"vertical_align\":\"middle\",\"title_position\":\"top-left\",\"title_rotation\":\"left\",\"title_breakpoint\":\"xl\",\"image_position\":\"center-center\",\"padding\":\"small\",\"padding_remove_top\":true},\"children\":[{\"type\":\"row\",\"props\":{\"layout\":\"1-2,1-2\"},\"children\":[{\"type\":\"column\",\"props\":{\"image_position\":\"center-center\",\"media_overlay_gradient\":\"\",\"width_medium\":\"1-2\",\"position_sticky_breakpoint\":\"m\"},\"children\":[{\"type\":\"text\",\"props\":{\"margin\":\"default\",\"column_breakpoint\":\"m\",\"content\":\"\n\n<p>Completa el siguiente formulario para comenzar con tu experiencia FIORIBox:<\\\/p>\"}},{\"type\":\"headline\",\"props\":{\"title_element\":\"h1\",\"content\":\"\\u00bfQui\\u00e9n recibe el FIORIBox?\",\"margin_remove_top\":true}},{\"type\":\"html\",\"props\":{\"content\":\"[contact-form-7 id=\\\"691\\\" title=\\\"Fioribox\\\"]\"}}]},{\"type\":\"column\",\"props\":{\"image_position\":\"center-center\",\"media_overlay_gradient\":\"\",\"width_medium\":\"1-2\",\"position_sticky_breakpoint\":\"m\"},\"children\":[{\"type\":\"headline\",\"props\":{\"title_element\":\"h1\",\"content\":\"\\u00bfQu\\u00e9 es FIORIBox?\"}},{\"type\":\"text\",\"props\":{\"margin\":\"default\",\"column_breakpoint\":\"m\",\"content\":\"\n\n<p>Es una caja que llega a tu casa para alegrarte el d\\u00eda, sacar tu lado creativo, y conectarte con la naturaleza sin contaminar. Es un producto creado para promover el amor y conciencia hacia los nuestros y el medio ambiente.<\\\/p>\"}},{\"type\":\"headline\",\"props\":{\"title_element\":\"h1\",\"content\":\"\\u00bfQu\\u00e9 incluye?\"}},{\"type\":\"text\",\"props\":{\"margin\":\"default\",\"column_breakpoint\":\"m\",\"content\":\"\n\n<p>Hermosas \\ufb02ores frescas, follaje y plantas locales listas para que las coloques en tus bases, decores tu casa y puri\\ufb01ques el aire.<\\\/p>\\n\n\n<p>Nuestra FIORIBox viene con una gu\\u00eda de cuidados para extender la vida de tus arreglos, sin qu\\u00edmicos ni fertilizantes.<\\\/p>\"}},{\"type\":\"headline\",\"props\":{\"title_element\":\"h1\",\"content\":\"\\u00bfC\\u00f3mo funciona?\"}},{\"type\":\"text\",\"props\":{\"margin\":\"default\",\"column_breakpoint\":\"m\",\"content\":\"\n\n<p>Recibes tu FIORIBox por medio de una suscripci\\u00f3n mensual, cada semana con diferentes variedades de flores y follaje. Este producto no se vende fuera de la suscripci\\u00f3n.<\\\/p>\"}},{\"type\":\"headline\",\"props\":{\"title_element\":\"h1\",\"content\":\"\\u00bfCu\\u00e1nto cuesta?\"}},{\"type\":\"text\",\"props\":{\"margin\":\"default\",\"column_breakpoint\":\"m\",\"content\":\"\n\n<ul>\\n\n\n<li>Entrega cada dos semanas: $56.00 USD mensuales<\\\/li>\\n\n\n<li>Entrega semanal: $106.00 USD mensuales<\\\/li>\\n<\\\/ul>\\n\n\n<p>\\u00a1FIORI es una empresa con pr\\u00e1cticas sustentables!<\\\/p>\\n\n\n<p>FIORIBox fue fabricada con el 60% de material reciclado, por eso te pedimos que guardes tu caja para que la retiremos cuando recibas tu siguiente orden y juntos reducir el impacto ambiental.<\\\/p>\\n\n\n<p>\\u00a1REUSA! \\u00a1RECICLA!<\\\/p>\\n\n\n<p>Precios incluyen servicio de entrega. Si la entrega es a una distancia mayor a 15 km, se cotiza por separado.<\\\/p>\"}}]}]}]}],\"version\":\"2.7.18\"} --><\/p>\n","protected":false},"excerpt":{"rendered":"<p>FIORIBox Completa el siguiente formulario para comenzar con tu experiencia FIORIBox: \u00bfQui\u00e9n recibe el FIORIBox? \u00bfQu\u00e9 es FIORIBox? Es una caja que llega a tu casa para alegrarte el d\u00eda, sacar tu lado creativo, y conectarte con la naturaleza sin contaminar. Es un producto creado para promover el amor y conciencia hacia los nuestros y [&hellip;]<\/p>\n","protected":false},"author":1,"featured_media":0,"parent":0,"menu_order":0,"comment_status":"closed","ping_status":"closed","template":"","meta":{"footnotes":""},"class_list":["post-675","page","type-page","status-publish","hentry"],"_links":{"self":[{"href":"https:\/\/fiorieventos.com\/index.php\/wp-json\/wp\/v2\/pages\/675","targetHints":{"allow":["GET"]}}],"collection":[{"href":"https:\/\/fiorieventos.com\/index.php\/wp-json\/wp\/v2\/pages"}],"about":[{"href":"https:\/\/fiorieventos.com\/index.php\/wp-json\/wp\/v2\/types\/page"}],"author":[{"embeddable":true,"href":"https:\/\/fiorieventos.com\/index.php\/wp-json\/wp\/v2\/users\/1"}],"replies":[{"embeddable":true,"href":"https:\/\/fiorieventos.com\/index.php\/wp-json\/wp\/v2\/comments?post=675"}],"version-history":[{"count":35,"href":"https:\/\/fiorieventos.com\/index.php\/wp-json\/wp\/v2\/pages\/675\/revisions"}],"predecessor-version":[{"id":1001,"href":"https:\/\/fiorieventos.com\/index.php\/wp-json\/wp\/v2\/pages\/675\/revisions\/1001"}],"wp:attachment":[{"href":"https:\/\/fiorieventos.com\/index.php\/wp-json\/wp\/v2\/media?parent=675"}],"curies":[{"name":"wp","href":"https:\/\/api.w.org\/{rel}","templated":true}]}}