{"id":1374,"date":"2025-03-25T16:49:06","date_gmt":"2025-03-25T20:49:06","guid":{"rendered":"https:\/\/fiorieventos.com\/?post_type=product&#038;p=1374"},"modified":"2025-04-08T17:51:33","modified_gmt":"2025-04-08T22:51:33","slug":"juliette","status":"publish","type":"product","link":"https:\/\/fiorieventos.com\/index.php\/producto\/juliette\/","title":{"rendered":"JULIETTE"},"content":{"rendered":"<ul>\n<li>En caso de no haber el color de flores que se muestra en la foto pueden ser reemplazadas por otro similar.<\/li>\n<li>Al ser un producto perecible no se podr\u00e1 reemplazar en caso de que no sea entregado el d\u00eda solicitado. El transporte ser\u00e1 cobrado nuevamente.<\/li>\n<li>En caso de que la persona a la que se debe entregar el pedido no se encuentre en el lugar de la entrega o si no podemos concretarla, el arreglo ser\u00e1 devuelto al taller.<\/li>\n<li>Las flores est\u00e1n sujetas a disponibilidad seg\u00fan la temporada. En caso de no estar disponibles nos comunicaremos para sugerir los arreglos disponibles.<\/li>\n<li>El pedido deber\u00e1 ser realizado con 24 horas de anticipaci\u00f3n, caso contrario, podr\u00e1 elegir de los arreglos disponibles.<\/li>\n<\/ul>\n","protected":false},"excerpt":{"rendered":"<p>En caso de no haber el color de flores que se muestra en la foto pueden ser reemplazadas por otro similar. Al ser un producto perecible no se podr\u00e1 reemplazar en caso de que no sea entregado el d\u00eda solicitado. El transporte ser\u00e1 cobrado nuevamente. En caso de que la persona a la que se [&hellip;]<\/p>\n","protected":false},"featured_media":1489,"template":"","meta":[],"product_brand":[],"product_cat":[42,43],"product_tag":[],"class_list":{"0":"post-1374","1":"product","2":"type-product","3":"status-publish","4":"has-post-thumbnail","6":"product_cat-madre","7":"product_cat-arreglo-ocasion","9":"first","10":"instock","11":"taxable","12":"shipping-taxable","13":"purchasable","14":"product-type-simple"},"_links":{"self":[{"href":"https:\/\/fiorieventos.com\/index.php\/wp-json\/wp\/v2\/product\/1374","targetHints":{"allow":["GET"]}}],"collection":[{"href":"https:\/\/fiorieventos.com\/index.php\/wp-json\/wp\/v2\/product"}],"about":[{"href":"https:\/\/fiorieventos.com\/index.php\/wp-json\/wp\/v2\/types\/product"}],"wp:featuredmedia":[{"embeddable":true,"href":"https:\/\/fiorieventos.com\/index.php\/wp-json\/wp\/v2\/media\/1489"}],"wp:attachment":[{"href":"https:\/\/fiorieventos.com\/index.php\/wp-json\/wp\/v2\/media?parent=1374"}],"wp:term":[{"taxonomy":"product_brand","embeddable":true,"href":"https:\/\/fiorieventos.com\/index.php\/wp-json\/wp\/v2\/product_brand?post=1374"},{"taxonomy":"product_cat","embeddable":true,"href":"https:\/\/fiorieventos.com\/index.php\/wp-json\/wp\/v2\/product_cat?post=1374"},{"taxonomy":"product_tag","embeddable":true,"href":"https:\/\/fiorieventos.com\/index.php\/wp-json\/wp\/v2\/product_tag?post=1374"}],"curies":[{"name":"wp","href":"https:\/\/api.w.org\/{rel}","templated":true}]}}